{"id":105,"date":"2020-05-14T01:07:26","date_gmt":"2020-05-13T23:07:26","guid":{"rendered":"http:\/\/therapie-manuelle-grenoble.fr\/?page_id=105"},"modified":"2020-10-30T11:58:40","modified_gmt":"2020-10-30T10:58:40","slug":"covid-19-deconfinement-2","status":"publish","type":"page","link":"https:\/\/therapie-manuelle-grenoble.fr\/index.php\/covid-19-deconfinement-2\/","title":{"rendered":"Covid-19  REconfinement"},"content":{"rendered":"\n<p>Information Coronavirus<\/p>\n\n\n\n<p><span class=\"has-inline-color has-vivid-red-color\"><strong><u>PROTOCOLE SANITAIR<\/u>E<\/strong><\/span><\/p>\n\n\n\n<p>Ce protocole a pour but d\u2019<strong>\u00e9viter la contamination par le CORONAVIRUS<\/strong>&nbsp;des patients en psychoth\u00e9rapie, des th\u00e9rapeutes, de leurs proches et des personnes amen\u00e9es \u00e0 les croiser. Pour rappel les sympt\u00f4mes \u00e9vocateurs de contamination sont : toux, \u00e9ternuement, essoufflement, mal de gorge, fatigue, troubles digestifs, sensation de fi\u00e8vre, etc.<\/p>\n\n\n\n<p><strong><em>Si vous pensez \u00eatre porteur de ces sympt\u00f4mes nous vous remercions de ne pas venir au cabinet&nbsp;<\/em><\/strong><em>et de suivre les recommandations nationales (appeler le 15).<\/em><\/p>\n\n\n\n<p>M\u00eame si vous n\u2019\u00eates pas porteur de sympt\u00f4mes, dans le contexte actuel nous privil\u00e9gions la communication \u00e0 distance pour la psychoth\u00e9rapie, sur la recommandation du gouvernement et de nos organisations professionnelles. A titre exceptionnel, je pourrai envisager des consultations en pr\u00e9sentiel, avec toutes les conditions n\u00e9cessaires.<\/p>\n\n\n\n<p><strong>Je vous informe de ces recommandations afin que que nos rencontres soient possibles dans les meilleures conditions.<\/strong><\/p>\n\n\n\n<ul><li><strong>Adaptation \u00e0 la situation : <\/strong><\/li><\/ul>\n\n\n\n<p>Je tiens \u00e0  vous communiquer ce document avant un rendez-vous pour que votre consentement soit \u00e9clair\u00e9. Merci de vous manifester avant votre venue si vous avez des questions.<\/p>\n\n\n\n<p>Les consultations sont espac\u00e9es afin que les patients ne se croisent pas. Merci d&rsquo;arriver \u00e0 l&rsquo;heure, et de ne pas toucher aux poign\u00e9es de porte.<\/p>\n\n\n\n<p><strong>L&rsquo;acc\u00e8s aux toilettes a \u00e9t\u00e9 condamn\u00e9.<\/strong>&nbsp;Merci d\u2019y penser avant votre rendez-vous et de pr\u00e9venir vos enfants.<\/p>\n\n\n\n<ul><li><strong>Nettoyage<\/strong><\/li><\/ul>\n\n\n\n<p><strong>Je nettoie chaque jour<\/strong>&nbsp;soigneusement avec une solution d\u2019eau de javel ou un liquide hydroalcoolique, notamment tous les points de contacts usuels : poign\u00e9es de porte, code porte, interrupteurs, etc. Les poubelles sont vid\u00e9es chaque jour. Sachez que&nbsp;<strong>j&rsquo;a\u00e8re le cabinet 10 minutes minimum entre chaque s\u00e9ance<\/strong>&nbsp;et que je d\u00e9sinfecte \u00e0 nouveau les points de contacts usuels.<\/p>\n\n\n\n<ul><li><strong>Distanciation<\/strong><\/li><\/ul>\n\n\n\n<p>Merci de veiller \u00e0&nbsp;<strong>respecter la distance minimum entre nous<\/strong>&nbsp;(minimum un m\u00e8tre) et \u00e0 ne pas vous asseoir directement en face \u00e0 face, dans la mesure du possible.<\/p>\n\n\n\n<ul><li><strong>Contact avec les objets<\/strong><\/li><\/ul>\n\n\n\n<p>Limitation maximum des objets <\/p>\n\n\n\n<p>Vous pouvez venir avec un tissu \u00e0 \u00e9tendre sur les si\u00e8ges en guise de \u00ab&nbsp;barri\u00e8re&nbsp;\u00bb suppl\u00e9mentaire.<\/p>\n\n\n\n<p>Je vous propose un paiement par virement. Si toutefois vous voulez payer par ch\u00e8que merci d\u2019apporter votre bic, ou d&rsquo;avoir pr\u00e9par\u00e9 le ch\u00e8que \u00e0 l&rsquo;avance. <\/p>\n\n\n\n<ul><li><strong>Mesures d\u2019hygi\u00e8ne<\/strong><\/li><\/ul>\n\n\n\n<p>Veillons \u00e0&nbsp;<strong>respecter les gestes barri\u00e8re<\/strong>&nbsp;: tousser ou \u00e9ternuer dans votre coude ou dans un mouchoir, saluer sans se serrer la main, \u00e9viter les embrassades.<\/p>\n\n\n\n<p><strong>Je vous demande de venir munis de votre masque anti-projection<\/strong>&nbsp;(\u00ab&nbsp;masque grand public&nbsp;\u00bb) et de le garder sur le visage au moins jusqu\u2019\u00e0 notre installation dans la salle, comme nous le faisons.<\/p>\n\n\n\n<p><strong>Merci de venir avec des mouchoirs et de les remporter apr\u00e8s usage<\/strong>&nbsp;afin de les jeter chez vous, dans votre poubelle.<\/p>\n\n\n\n<p><strong>Je vous remercie de vous laver les mains d\u00e8s votre arriv\u00e9e, avec le gel hydroalcoolique mis \u00e0 votre disposition.&nbsp;<\/strong>Vous pouvez \u00e9galement venir avec votre propre gel pour vous laver les mains apr\u00e8s le rendez-vous.<\/p>\n\n\n\n<p><strong><span class=\"has-inline-color has-vivid-red-color\">IMPORTANT :<\/span><\/strong><\/p>\n\n\n\n<p>Ces mesures drastiques sont la condition actuelle n\u00e9cessaire aux consultations en pr\u00e9sentiel, pour la s\u00e9curit\u00e9 de tous. <\/p>\n\n\n\n<p>N\u00e9anmoins, ces directives peuvent induire des sentiments ou r\u00e9actions &#8230;n&rsquo;h\u00e9sitez pas \u00e0 en parler dans le cadre de la th\u00e9rapie. <\/p>\n","protected":false},"excerpt":{"rendered":"<p>Information Coronavirus PROTOCOLE SANITAIRE Ce protocole a pour but d\u2019\u00e9viter la contamination par le CORONAVIRUS&nbsp;des patients en psychoth\u00e9rapie, des th\u00e9rapeutes, de leurs proches et des personnes amen\u00e9es \u00e0 les croiser. Pour rappel les sympt\u00f4mes \u00e9vocateurs de contamination sont : toux, \u00e9ternuement, essoufflement, mal de gorge, fatigue, troubles digestifs, sensation de fi\u00e8vre, etc. Si vous pensez [&hellip;]<\/p>\n","protected":false},"author":3,"featured_media":0,"parent":0,"menu_order":0,"comment_status":"closed","ping_status":"closed","template":"","meta":[],"_links":{"self":[{"href":"https:\/\/therapie-manuelle-grenoble.fr\/index.php\/wp-json\/wp\/v2\/pages\/105"}],"collection":[{"href":"https:\/\/therapie-manuelle-grenoble.fr\/index.php\/wp-json\/wp\/v2\/pages"}],"about":[{"href":"https:\/\/therapie-manuelle-grenoble.fr\/index.php\/wp-json\/wp\/v2\/types\/page"}],"author":[{"embeddable":true,"href":"https:\/\/therapie-manuelle-grenoble.fr\/index.php\/wp-json\/wp\/v2\/users\/3"}],"replies":[{"embeddable":true,"href":"https:\/\/therapie-manuelle-grenoble.fr\/index.php\/wp-json\/wp\/v2\/comments?post=105"}],"version-history":[{"count":9,"href":"https:\/\/therapie-manuelle-grenoble.fr\/index.php\/wp-json\/wp\/v2\/pages\/105\/revisions"}],"predecessor-version":[{"id":259,"href":"https:\/\/therapie-manuelle-grenoble.fr\/index.php\/wp-json\/wp\/v2\/pages\/105\/revisions\/259"}],"wp:attachment":[{"href":"https:\/\/therapie-manuelle-grenoble.fr\/index.php\/wp-json\/wp\/v2\/media?parent=105"}],"curies":[{"name":"wp","href":"https:\/\/api.w.org\/{rel}","templated":true}]}}