{"id":267,"date":"2024-11-13T10:48:26","date_gmt":"2024-11-13T09:48:26","guid":{"rendered":"http:\/\/therapie-manuelle-grenoble.fr\/?page_id=267"},"modified":"2024-11-13T10:51:23","modified_gmt":"2024-11-13T09:51:23","slug":"brainspotting-2","status":"publish","type":"page","link":"https:\/\/therapie-manuelle-grenoble.fr\/index.php\/brainspotting-2\/","title":{"rendered":"BRAINSPOTTING"},"content":{"rendered":"\n<p>Le <em>Brainspotting<\/em> localise des points dans le champ visuel du client qui aident \u00e0 acc\u00e9der aux traumatismes non trait\u00e9s dans le cerveau sous-cortical. Le <em>Brainspotting<\/em>\u00a0 ou <em>BSP<\/em> a \u00e9t\u00e9 d\u00e9couvert en 2003 par David Grand, Ph.D.\u00a0<\/p>\n\n\n\n<p>Le <em>Brainspotting<\/em> est efficace pour une grande vari\u00e9t\u00e9 de troubles \u00e9motionnels et somatiques. Le Brainspotting est particuli\u00e8rement efficace dans les situations traumatiques, car il permet d&rsquo;identifier et de gu\u00e9rir les traumatismes sous-jacents qui contribuent \u00e0 l&rsquo;anxi\u00e9t\u00e9, \u00e0 la d\u00e9pression et \u00e0 d&rsquo;autres troubles comportementaux. Il peut \u00e9galement \u00eatre utilis\u00e9 pour am\u00e9liorer les performances et la cr\u00e9ativit\u00e9. Le <em>Brainspotting<\/em> donne au th\u00e9rapeute acc\u00e8s aux processus c\u00e9r\u00e9braux et corporels. Son objectif est de contourner la pens\u00e9e consciente et n\u00e9ocorticale pour acc\u00e9der aux parties \u00e9motionnelles et corporelles plus profondes et sous-corticales du cerveau.<\/p>\n","protected":false},"excerpt":{"rendered":"<p>Le Brainspotting localise des points dans le champ visuel du client qui aident \u00e0 acc\u00e9der aux traumatismes non trait\u00e9s dans le cerveau sous-cortical. Le Brainspotting\u00a0 ou BSP a \u00e9t\u00e9 d\u00e9couvert en 2003 par David Grand, Ph.D.\u00a0 Le Brainspotting est efficace pour une grande vari\u00e9t\u00e9 de troubles \u00e9motionnels et somatiques. Le Brainspotting est particuli\u00e8rement efficace dans [&hellip;]<\/p>\n","protected":false},"author":3,"featured_media":0,"parent":0,"menu_order":0,"comment_status":"closed","ping_status":"closed","template":"","meta":[],"_links":{"self":[{"href":"https:\/\/therapie-manuelle-grenoble.fr\/index.php\/wp-json\/wp\/v2\/pages\/267"}],"collection":[{"href":"https:\/\/therapie-manuelle-grenoble.fr\/index.php\/wp-json\/wp\/v2\/pages"}],"about":[{"href":"https:\/\/therapie-manuelle-grenoble.fr\/index.php\/wp-json\/wp\/v2\/types\/page"}],"author":[{"embeddable":true,"href":"https:\/\/therapie-manuelle-grenoble.fr\/index.php\/wp-json\/wp\/v2\/users\/3"}],"replies":[{"embeddable":true,"href":"https:\/\/therapie-manuelle-grenoble.fr\/index.php\/wp-json\/wp\/v2\/comments?post=267"}],"version-history":[{"count":4,"href":"https:\/\/therapie-manuelle-grenoble.fr\/index.php\/wp-json\/wp\/v2\/pages\/267\/revisions"}],"predecessor-version":[{"id":276,"href":"https:\/\/therapie-manuelle-grenoble.fr\/index.php\/wp-json\/wp\/v2\/pages\/267\/revisions\/276"}],"wp:attachment":[{"href":"https:\/\/therapie-manuelle-grenoble.fr\/index.php\/wp-json\/wp\/v2\/media?parent=267"}],"curies":[{"name":"wp","href":"https:\/\/api.w.org\/{rel}","templated":true}]}}