{"id":5,"date":"2020-04-29T12:46:08","date_gmt":"2020-04-29T10:46:08","guid":{"rendered":"http:\/\/therapie-manuelle-grenoble.fr\/?page_id=5"},"modified":"2020-10-30T12:03:08","modified_gmt":"2020-10-30T11:03:08","slug":"accueil","status":"publish","type":"page","link":"https:\/\/therapie-manuelle-grenoble.fr\/","title":{"rendered":"Accueil"},"content":{"rendered":"\n<p><strong><span style=\"color:#00a3a3\" class=\"has-inline-color\">Bienvenue sur Psychoth\u00e9rapie EMDR et Th\u00e9rapie Manuelle<\/span><\/strong><\/p>\n\n\n\n<p><em>Prenez bien soin de vous en ces temps troubl\u00e9s et difficiles &#8230;.. <\/em><\/p>\n\n\n\n<p><strong>En ces temps de reconfinement, je vous pr\u00e9conise  de pr\u00e9f\u00e9rence des consultations \u00e0 distance, Skype, Zoom, Whatsapp ou t\u00e9l\u00e9phone.<\/strong> <\/p>\n\n\n\n<p>Je peux toutefois, \u00e0 titre exceptionnel, vous recevoir en pr\u00e9sentiel, avec toutes les recommandations et directives \u00ab\u00a0barri\u00e8res\u00a0\u00bb li\u00e9es \u00e0 la situation actuelle. <\/p>\n\n\n\n<p>Psychologue clinicienne, praticienne certifi\u00e9e EMDR Europe,art-th\u00e9rapeute, massoth\u00e9rapeute&#8230;  Je vous propose une pratique originale, issue de diff\u00e9rentes approches et techniques, et de 30 ans d&rsquo;exp\u00e9rience, qui me permettent de m&rsquo;adapter \u00e0 vos maux.<\/p>\n\n\n\n<p>Pour le bon fonctionnement du cabinet et le respect de tous, tout rendez-vous oubli\u00e9 ou non d\u00e9command\u00e9 48h \u00e0 l&rsquo;avance sera syst\u00e9matiquement factur\u00e9. Merci pour votre compr\u00e9hension.<\/p>\n\n\n\n<p><strong>Bilingue fran\u00e7ais-anglais,<\/strong>j<strong>e propose des consultations  dans les deux langues. <\/strong><\/p>\n\n\n\n<p><\/p>\n","protected":false},"excerpt":{"rendered":"<p>Bienvenue sur Psychoth\u00e9rapie EMDR et Th\u00e9rapie Manuelle Prenez bien soin de vous en ces temps troubl\u00e9s et difficiles &#8230;.. En ces temps de reconfinement, je vous pr\u00e9conise de pr\u00e9f\u00e9rence des consultations \u00e0 distance, Skype, Zoom, Whatsapp ou t\u00e9l\u00e9phone. Je peux toutefois, \u00e0 titre exceptionnel, vous recevoir en pr\u00e9sentiel, avec toutes les recommandations et directives \u00ab\u00a0barri\u00e8res\u00a0\u00bb [&hellip;]<\/p>\n","protected":false},"author":1,"featured_media":0,"parent":0,"menu_order":0,"comment_status":"closed","ping_status":"closed","template":"","meta":[],"_links":{"self":[{"href":"https:\/\/therapie-manuelle-grenoble.fr\/index.php\/wp-json\/wp\/v2\/pages\/5"}],"collection":[{"href":"https:\/\/therapie-manuelle-grenoble.fr\/index.php\/wp-json\/wp\/v2\/pages"}],"about":[{"href":"https:\/\/therapie-manuelle-grenoble.fr\/index.php\/wp-json\/wp\/v2\/types\/page"}],"author":[{"embeddable":true,"href":"https:\/\/therapie-manuelle-grenoble.fr\/index.php\/wp-json\/wp\/v2\/users\/1"}],"replies":[{"embeddable":true,"href":"https:\/\/therapie-manuelle-grenoble.fr\/index.php\/wp-json\/wp\/v2\/comments?post=5"}],"version-history":[{"count":14,"href":"https:\/\/therapie-manuelle-grenoble.fr\/index.php\/wp-json\/wp\/v2\/pages\/5\/revisions"}],"predecessor-version":[{"id":278,"href":"https:\/\/therapie-manuelle-grenoble.fr\/index.php\/wp-json\/wp\/v2\/pages\/5\/revisions\/278"}],"wp:attachment":[{"href":"https:\/\/therapie-manuelle-grenoble.fr\/index.php\/wp-json\/wp\/v2\/media?parent=5"}],"curies":[{"name":"wp","href":"https:\/\/api.w.org\/{rel}","templated":true}]}}