{"id":9,"date":"2020-04-29T12:47:29","date_gmt":"2020-04-29T10:47:29","guid":{"rendered":"http:\/\/therapie-manuelle-grenoble.fr\/?page_id=9"},"modified":"2020-06-13T20:35:03","modified_gmt":"2020-06-13T18:35:03","slug":"massages","status":"publish","type":"page","link":"https:\/\/therapie-manuelle-grenoble.fr\/index.php\/massages\/","title":{"rendered":"Therapie Manuelle"},"content":{"rendered":"\n<figure class=\"wp-block-gallery columns-2 is-cropped\"><ul class=\"blocks-gallery-grid\"><li class=\"blocks-gallery-item\"><span style=\"color:#00a3a3\" class=\"has-inline-color\"><strong>Ost\u00e9opathie cr\u00e2nio-sacr\u00e9e<\/strong><\/span><br><figure><img loading=\"lazy\" width=\"1024\" height=\"680\" src=\"http:\/\/therapie-manuelle-grenoble.fr\/wp-content\/uploads\/2020\/06\/sylvia_meneau_therapie_emdr_ostheopatie_cranio-sacree-1024x680.jpg\" alt=\"\" data-id=\"244\" data-full-url=\"http:\/\/therapie-manuelle-grenoble.fr\/wp-content\/uploads\/2020\/06\/sylvia_meneau_therapie_emdr_ostheopatie_cranio-sacree.jpg\" data-link=\"http:\/\/therapie-manuelle-grenoble.fr\/sylvia_meneau_therapie_emdr_ostheopatie_cranio-sacree\/\" class=\"wp-image-244\" srcset=\"https:\/\/therapie-manuelle-grenoble.fr\/wp-content\/uploads\/2020\/06\/sylvia_meneau_therapie_emdr_ostheopatie_cranio-sacree-1024x680.jpg 1024w, https:\/\/therapie-manuelle-grenoble.fr\/wp-content\/uploads\/2020\/06\/sylvia_meneau_therapie_emdr_ostheopatie_cranio-sacree-300x199.jpg 300w, https:\/\/therapie-manuelle-grenoble.fr\/wp-content\/uploads\/2020\/06\/sylvia_meneau_therapie_emdr_ostheopatie_cranio-sacree-768x510.jpg 768w, https:\/\/therapie-manuelle-grenoble.fr\/wp-content\/uploads\/2020\/06\/sylvia_meneau_therapie_emdr_ostheopatie_cranio-sacree-1536x1020.jpg 1536w, https:\/\/therapie-manuelle-grenoble.fr\/wp-content\/uploads\/2020\/06\/sylvia_meneau_therapie_emdr_ostheopatie_cranio-sacree.jpg 2048w\" sizes=\"(max-width: 1024px) 100vw, 1024px\" \/><\/figure><\/li><li class=\"blocks-gallery-item\"><span style=\"color:#00a3a3\" class=\"has-inline-color\"><strong>Massoth\u00e9rapie<\/strong><\/span><br><figure><img loading=\"lazy\" width=\"1024\" height=\"768\" src=\"http:\/\/therapie-manuelle-grenoble.fr\/wp-content\/uploads\/2020\/06\/sylvia_meneau_therapie_emdr_massotherapie-1024x768.jpg\" alt=\"\" data-id=\"245\" data-full-url=\"http:\/\/therapie-manuelle-grenoble.fr\/wp-content\/uploads\/2020\/06\/sylvia_meneau_therapie_emdr_massotherapie-scaled.jpg\" data-link=\"http:\/\/therapie-manuelle-grenoble.fr\/sylvia_meneau_therapie_emdr_massotherapie\/\" class=\"wp-image-245\" srcset=\"https:\/\/therapie-manuelle-grenoble.fr\/wp-content\/uploads\/2020\/06\/sylvia_meneau_therapie_emdr_massotherapie-1024x768.jpg 1024w, https:\/\/therapie-manuelle-grenoble.fr\/wp-content\/uploads\/2020\/06\/sylvia_meneau_therapie_emdr_massotherapie-300x225.jpg 300w, https:\/\/therapie-manuelle-grenoble.fr\/wp-content\/uploads\/2020\/06\/sylvia_meneau_therapie_emdr_massotherapie-768x576.jpg 768w, https:\/\/therapie-manuelle-grenoble.fr\/wp-content\/uploads\/2020\/06\/sylvia_meneau_therapie_emdr_massotherapie-1536x1152.jpg 1536w, https:\/\/therapie-manuelle-grenoble.fr\/wp-content\/uploads\/2020\/06\/sylvia_meneau_therapie_emdr_massotherapie-2048x1536.jpg 2048w\" sizes=\"(max-width: 1024px) 100vw, 1024px\" \/><\/figure><\/li><\/ul><\/figure>\n\n\n\n<p><br>\nEn th\u00e9rapie manuelle, je m&rsquo;inspire des principes du shiatsu pression sur les points des m\u00e9ridiens d&rsquo;acupuncture, des principes de l&rsquo;ost\u00e9opathie, et particuli\u00e8rement de l&rsquo;ost\u00e9opathie cr\u00e2nio-sacr\u00e9e.<\/p>\n\n\n\n<p>L&rsquo;ost\u00e9opathie cr\u00e2nio-sacr\u00e9e ( relation entre le cr\u00e2ne et le sacrum ) est une m\u00e9thode de travail douce mais puissante, bas\u00e9e sur la circulation du liquide c\u00e9phalo-rachidien, sur les membranes ( dure-m\u00e8re et fasciaes ) , et sur le syst\u00e8me osseux.<\/p>\n\n\n\n<p>Cette technique est particuli\u00e8rement adapt\u00e9e au personnes souffrant d&rsquo;acouph\u00e8nes, de maux de t\u00eate, sinusites, migraines ophtalmiques, tensions des m\u00e2choires, et tout autre probl\u00e8me li\u00e9 \u00e0 la face: Sinusites, sciatique, probl\u00e8mes de dos, acouph\u00e8nes, migraines, torticolis, tendinites, troubles du sommeil&#8230;<\/p>\n\n\n\n<p>Parfois, il arrive que des troubles somatiques ne soient pas r\u00e9solus en th\u00e9rapie manuelle, lorsqu&rsquo;ils sont d&rsquo;origine psycho-traumatique. La th\u00e9rapie EMDR prend alors le relais de mani\u00e8re \u00e9tonnante.<\/p>\n\n\n<p><\/p>\n\n\n<h3><span style=\"color:#00a390\" class=\"has-inline-color\"><strong>Quelques t\u00e9moignages de patients :<\/strong><\/span><\/h3>\n\n\n\n<h4>Douleurs articulaires<\/h4>\n\n\n\n<p><em>J&rsquo;ai eu un probl\u00e8me au talon, des douleurs persistantes pendant des ann\u00e9es. Sylvia m&rsquo;a remis cela d&rsquo;aplomb en une s\u00e9ance, les effets se sont fait sentir une semaine apr\u00e8s, il y a quatre ans de cela..<\/em>\nCandide L.<\/p>\n\n\n\n<p><\/p>\n\n\n\n<h4>Massage global<\/h4>\n\n\n\n<p><em>J&rsquo;avais des douleurs dans le dos, et j&rsquo;\u00e9tais tr\u00e8s fatigu\u00e9e.D\u00e9s le lendemain, je me suis sentie super bien avec une grande p\u00eache!<\/em>\nVeronique P<\/p>\n\n\n\n<h4>Acouph\u00e8nes<\/h4>\n\n\n\n<ul><li><em>Pendant des ann\u00e9es j&rsquo;ai eu des acouph\u00e8nes don,t j&rsquo;arrivais pas \u00e0 me d\u00e9barrasser. Quelques jours apr\u00e8s une s\u00e9ance d&rsquo;ost\u00e9opathie cr\u00e2nienne ils ont disparu.<\/em>\nMartha K.<\/li><\/ul>\n\n\n\n<ul><li><em>Apr\u00e8s une seule s\u00e9ance mes acouph\u00e8nes ont disparu, c&rsquo;est pour cela que je en vous ai pas rappel\u00e9!<\/em>\nMartine P.<\/li><\/ul>\n\n\n\n<h4>Maux de T\u00eate<\/h4>\n\n\n\n<p><\/p>\n\n\n\n<div class=\"wp-block-group\"><div class=\"wp-block-group__inner-container\">\n<figure class=\"wp-block-table is-style-regular\"><table><tbody><tr><td><em>Je suis venue vous voir en consultation il ya quelques semaines, pour des soucis de migraine, j&rsquo;avais beaucoup de maux de t\u00eate lorsque j&rsquo;\u00e9tais allong\u00e9e, et cela depuis assez longtemps&#8230;<\/em>\n<em>Comme promis je vous donne de mes nouvelles, pour vous dire, que depuis ma visite chez vous, je n&rsquo;ai pas repris un seul cachet, car, je n&rsquo;ai pas eu \u00e0 nouveau mal \u00e0 la t\u00eate, et je suis ravie comme vous pouvez l&rsquo;imaginer!\n<\/em>Gis\u00e8le M.<\/td><\/tr><\/tbody><\/table><\/figure>\n<\/div><\/div>\n\n\n\n<p><\/p>\n\n\n\n<p><\/p>\n","protected":false},"excerpt":{"rendered":"<p>En th\u00e9rapie manuelle, je m&rsquo;inspire des principes du shiatsu pression sur les points des m\u00e9ridiens d&rsquo;acupuncture, des principes de l&rsquo;ost\u00e9opathie, et particuli\u00e8rement de l&rsquo;ost\u00e9opathie cr\u00e2nio-sacr\u00e9e. L&rsquo;ost\u00e9opathie cr\u00e2nio-sacr\u00e9e ( relation entre le cr\u00e2ne et le sacrum ) est une m\u00e9thode de travail douce mais puissante, bas\u00e9e sur la circulation du liquide c\u00e9phalo-rachidien, sur les membranes ( [&hellip;]<\/p>\n","protected":false},"author":1,"featured_media":0,"parent":0,"menu_order":0,"comment_status":"closed","ping_status":"closed","template":"fullwidth.php","meta":[],"_links":{"self":[{"href":"https:\/\/therapie-manuelle-grenoble.fr\/index.php\/wp-json\/wp\/v2\/pages\/9"}],"collection":[{"href":"https:\/\/therapie-manuelle-grenoble.fr\/index.php\/wp-json\/wp\/v2\/pages"}],"about":[{"href":"https:\/\/therapie-manuelle-grenoble.fr\/index.php\/wp-json\/wp\/v2\/types\/page"}],"author":[{"embeddable":true,"href":"https:\/\/therapie-manuelle-grenoble.fr\/index.php\/wp-json\/wp\/v2\/users\/1"}],"replies":[{"embeddable":true,"href":"https:\/\/therapie-manuelle-grenoble.fr\/index.php\/wp-json\/wp\/v2\/comments?post=9"}],"version-history":[{"count":55,"href":"https:\/\/therapie-manuelle-grenoble.fr\/index.php\/wp-json\/wp\/v2\/pages\/9\/revisions"}],"predecessor-version":[{"id":277,"href":"https:\/\/therapie-manuelle-grenoble.fr\/index.php\/wp-json\/wp\/v2\/pages\/9\/revisions\/277"}],"wp:attachment":[{"href":"https:\/\/therapie-manuelle-grenoble.fr\/index.php\/wp-json\/wp\/v2\/media?parent=9"}],"curies":[{"name":"wp","href":"https:\/\/api.w.org\/{rel}","templated":true}]}}